{"id":213,"date":"2024-10-04T10:05:33","date_gmt":"2024-10-04T13:05:33","guid":{"rendered":"https:\/\/optasconsultoria.com.br\/?page_id=213"},"modified":"2024-10-04T10:29:02","modified_gmt":"2024-10-04T13:29:02","slug":"diferenciais","status":"publish","type":"page","link":"https:\/\/optasconsultoria.com.br\/index.php\/diferenciais\/","title":{"rendered":"DIFERENCIAIS"},"content":{"rendered":"<div class=\"wpb-content-wrapper\"><p>[vc_row][vc_column][vc_empty_space height=&#8221;40px&#8221;][vc_row_inner gap=&#8221;35&#8243;][vc_column_inner width=&#8221;1\/2&#8243;][vc_column_text]<\/p>\n<h2>Nossa Diferencia\u00e7\u00e3o<\/h2>\n<p>Nosso diferencial est\u00e1 na combina\u00e7\u00e3o de profundo conhecimento t\u00e9cnico e atendimento humanizado. Trabalhamos com as principais operadoras e seguradoras do mercado, o que nos permite negociar condi\u00e7\u00f5es exclusivas e personalizadas para cada cliente. Al\u00e9m disso, monitoramos constantemente a performance dos benef\u00edcios, garantindo que nossos clientes tenham sempre a melhor rela\u00e7\u00e3o custo-benef\u00edcio.[\/vc_column_text][\/vc_column_inner][vc_column_inner width=&#8221;1\/2&#8243;][vc_column_text]<\/p>\n<h2>Por que Escolher a Nossa Consultoria?<\/h2>\n<ul>\n<li>Expertise comprovada em planos de sa\u00fade e seguros.<\/li>\n<li>Atendimento personalizado e solu\u00e7\u00f5es sob medida.<\/li>\n<li>Gest\u00e3o completa do benef\u00edcio, desde a contrata\u00e7\u00e3o at\u00e9 o suporte cont\u00ednuo.<\/li>\n<li>Foco em redu\u00e7\u00e3o de custos e maximiza\u00e7\u00e3o de resultados.<\/li>\n<\/ul>\n<p>[\/vc_column_text][\/vc_column_inner][\/vc_row_inner][vc_empty_space height=&#8221;40px&#8221;][\/vc_column][\/vc_row]<\/p>\n<\/div>","protected":false},"excerpt":{"rendered":"<p>[vc_row][vc_column][vc_empty_space height=&#8221;40px&#8221;][vc_row_inner gap=&#8221;35&#8243;][vc_column_inner width=&#8221;1\/2&#8243;][vc_column_text] Nossa Diferencia\u00e7\u00e3o Nosso diferencial est\u00e1 na combina\u00e7\u00e3o de profundo conhecimento t\u00e9cnico e atendimento humanizado. Trabalhamos com as principais operadoras e seguradoras do mercado, o que nos permite negociar condi\u00e7\u00f5es exclusivas e personalizadas para cada cliente. Al\u00e9m disso, monitoramos constantemente a performance dos benef\u00edcios, garantindo que nossos clientes tenham sempre a melhor&hellip;<\/p>\n","protected":false},"author":1,"featured_media":0,"parent":0,"menu_order":0,"comment_status":"closed","ping_status":"closed","template":"template-microsite.php","meta":{"footnotes":""},"class_list":["post-213","page","type-page","status-publish","hentry","description-off"],"_links":{"self":[{"href":"https:\/\/optasconsultoria.com.br\/index.php\/wp-json\/wp\/v2\/pages\/213"}],"collection":[{"href":"https:\/\/optasconsultoria.com.br\/index.php\/wp-json\/wp\/v2\/pages"}],"about":[{"href":"https:\/\/optasconsultoria.com.br\/index.php\/wp-json\/wp\/v2\/types\/page"}],"author":[{"embeddable":true,"href":"https:\/\/optasconsultoria.com.br\/index.php\/wp-json\/wp\/v2\/users\/1"}],"replies":[{"embeddable":true,"href":"https:\/\/optasconsultoria.com.br\/index.php\/wp-json\/wp\/v2\/comments?post=213"}],"version-history":[{"count":0,"href":"https:\/\/optasconsultoria.com.br\/index.php\/wp-json\/wp\/v2\/pages\/213\/revisions"}],"wp:attachment":[{"href":"https:\/\/optasconsultoria.com.br\/index.php\/wp-json\/wp\/v2\/media?parent=213"}],"curies":[{"name":"wp","href":"https:\/\/api.w.org\/{rel}","templated":true}]}}