{"id":25,"date":"2024-10-02T22:07:11","date_gmt":"2024-10-03T01:07:11","guid":{"rendered":"https:\/\/optasconsultoria.com.br\/?page_id=25"},"modified":"2024-10-04T11:44:20","modified_gmt":"2024-10-04T14:44:20","slug":"sobre-nos","status":"publish","type":"page","link":"https:\/\/optasconsultoria.com.br\/index.php\/sobre-nos\/","title":{"rendered":"SOBRE N\u00d3S"},"content":{"rendered":"<div class=\"wpb-content-wrapper\"><p>[vc_row][vc_column][vc_empty_space height=&#8221;40px&#8221;][vc_row_inner][vc_column_inner width=&#8221;1\/2&#8243;][vc_single_image image=&#8221;228&#8243; img_size=&#8221;full&#8221; alignment=&#8221;center&#8221;][\/vc_column_inner][vc_column_inner width=&#8221;1\/2&#8243;][vc_column_text]<\/p>\n<h2>Optas Consultoria<\/h2>\n<p>[\/vc_column_text][vc_column_text]Somos uma consultoria especializada em planos de sa\u00fade e seguros, dedicada a oferecer solu\u00e7\u00f5es personalizadas e eficientes para empresas e indiv\u00edduos. Com ampla experi\u00eancia no mercado de sa\u00fade suplementar e seguros, atuamos como parceiros estrat\u00e9gicos, ajudando nossos clientes a tomar decis\u00f5es assertivas e a otimizar seus investimentos em benef\u00edcios de sa\u00fade e prote\u00e7\u00e3o financeira.[\/vc_column_text][\/vc_column_inner][\/vc_row_inner][vc_empty_space height=&#8221;40px&#8221;][vc_separator][\/vc_column][\/vc_row][vc_row][vc_column][vc_empty_space height=&#8221;40px&#8221;][vc_row_inner][vc_column_inner width=&#8221;1\/2&#8243;][vc_column_text]<\/p>\n<h2>Nossa Miss\u00e3o<\/h2>\n<p>Nossa miss\u00e3o \u00e9 proporcionar tranquilidade e seguran\u00e7a para nossos clientes, oferecendo as melhores op\u00e7\u00f5es de planos de sa\u00fade e seguros, que atendam suas necessidades e estejam alinhadas \u00e0s suas expectativas. Acreditamos que o bem-estar e a prote\u00e7\u00e3o s\u00e3o pilares fundamentais para o sucesso, seja em \u00e2mbito pessoal ou empresarial.[\/vc_column_text][\/vc_column_inner][vc_column_inner width=&#8221;1\/2&#8243;][vc_column_text]<\/p>\n<h2>Nossa Vis\u00e3o<\/h2>\n<p>Ser reconhecida como refer\u00eancia no mercado de consultoria em sa\u00fade e seguros, por nossa capacidade de inova\u00e7\u00e3o, atendimento personalizado e gera\u00e7\u00e3o de valor, buscando sempre as solu\u00e7\u00f5es mais vantajosas para nossos clientes.[\/vc_column_text][\/vc_column_inner][\/vc_row_inner][\/vc_column][\/vc_row][vc_row][vc_column][vc_empty_space height=&#8221;40px&#8221;][vc_row_inner][vc_column_inner][vc_column_text]<\/p>\n<h2>Nossos Valores<\/h2>\n<p><strong>Compromisso com o cliente:<\/strong> Colocamos as necessidades de nossos clientes em primeiro lugar, oferecendo solu\u00e7\u00f5es sob medida.<br \/>\n<strong>Transpar\u00eancia:<\/strong> Atuamos com clareza e \u00e9tica em todas as nossas intera\u00e7\u00f5es, desde a escolha at\u00e9 a gest\u00e3o dos planos e seguros.<br \/>\n<strong>Excel\u00eancia: <\/strong>Buscamos sempre os mais altos padr\u00f5es de qualidade, garantindo um servi\u00e7o \u00e1gil, preciso e eficaz.<br \/>\n<strong>Inova\u00e7\u00e3o: <\/strong>Estamos sempre atentos \u00e0s novas tend\u00eancias e regulamenta\u00e7\u00f5es do mercado de sa\u00fade e seguros para oferecer solu\u00e7\u00f5es atuais e competitivas.<br \/>\n<strong>Parceria:<\/strong> Cultivamos relacionamentos de longo prazo com nossos clientes e parceiros, visando ao sucesso conjunto.[\/vc_column_text][\/vc_column_inner][\/vc_row_inner][\/vc_column][\/vc_row]<\/p>\n<\/div>","protected":false},"excerpt":{"rendered":"<p>[vc_row][vc_column][vc_empty_space height=&#8221;40px&#8221;][vc_row_inner][vc_column_inner width=&#8221;1\/2&#8243;][vc_single_image image=&#8221;228&#8243; img_size=&#8221;full&#8221; alignment=&#8221;center&#8221;][\/vc_column_inner][vc_column_inner width=&#8221;1\/2&#8243;][vc_column_text] Optas Consultoria [\/vc_column_text][vc_column_text]Somos uma consultoria especializada em planos de sa\u00fade e seguros, dedicada a oferecer solu\u00e7\u00f5es personalizadas e eficientes para empresas e indiv\u00edduos. Com ampla experi\u00eancia no mercado de sa\u00fade suplementar e seguros, atuamos como parceiros estrat\u00e9gicos, ajudando nossos clientes a tomar decis\u00f5es assertivas e a otimizar seus&hellip;<\/p>\n","protected":false},"author":1,"featured_media":0,"parent":0,"menu_order":0,"comment_status":"closed","ping_status":"closed","template":"template-microsite.php","meta":{"footnotes":""},"class_list":["post-25","page","type-page","status-publish","hentry","description-off"],"_links":{"self":[{"href":"https:\/\/optasconsultoria.com.br\/index.php\/wp-json\/wp\/v2\/pages\/25"}],"collection":[{"href":"https:\/\/optasconsultoria.com.br\/index.php\/wp-json\/wp\/v2\/pages"}],"about":[{"href":"https:\/\/optasconsultoria.com.br\/index.php\/wp-json\/wp\/v2\/types\/page"}],"author":[{"embeddable":true,"href":"https:\/\/optasconsultoria.com.br\/index.php\/wp-json\/wp\/v2\/users\/1"}],"replies":[{"embeddable":true,"href":"https:\/\/optasconsultoria.com.br\/index.php\/wp-json\/wp\/v2\/comments?post=25"}],"version-history":[{"count":0,"href":"https:\/\/optasconsultoria.com.br\/index.php\/wp-json\/wp\/v2\/pages\/25\/revisions"}],"wp:attachment":[{"href":"https:\/\/optasconsultoria.com.br\/index.php\/wp-json\/wp\/v2\/media?parent=25"}],"curies":[{"name":"wp","href":"https:\/\/api.w.org\/{rel}","templated":true}]}}