{"id":29,"date":"2024-10-02T22:09:02","date_gmt":"2024-10-03T01:09:02","guid":{"rendered":"https:\/\/optasconsultoria.com.br\/?page_id=29"},"modified":"2024-10-04T11:38:36","modified_gmt":"2024-10-04T14:38:36","slug":"planos-de-saude-empresarial","status":"publish","type":"page","link":"https:\/\/optasconsultoria.com.br\/index.php\/planos-de-saude-empresarial\/","title":{"rendered":"PLANOS DE SA\u00daDE EMPRESARIAL"},"content":{"rendered":"<div class=\"wpb-content-wrapper\"><p>[vc_row][vc_column][vc_row_inner][vc_column_inner width=&#8221;1\/2&#8243;][vc_single_image image=&#8221;234&#8243; img_size=&#8221;full&#8221; alignment=&#8221;center&#8221;][\/vc_column_inner][vc_column_inner width=&#8221;1\/2&#8243;][vc_column_text]<strong>Os planos de sa\u00fade empresariais<\/strong> s\u00e3o uma solu\u00e7\u00e3o essencial para empresas que desejam oferecer benef\u00edcios de sa\u00fade a seus colaboradores, ajudando a garantir o bem-estar, a satisfa\u00e7\u00e3o e a reten\u00e7\u00e3o de talentos. Ao contratar um plano de sa\u00fade empresarial, a empresa proporciona aos funcion\u00e1rios acesso a uma rede de atendimento m\u00e9dico-hospitalar, consultas, exames, cirurgias e tratamentos, dependendo da cobertura escolhida.[\/vc_column_text][\/vc_column_inner][\/vc_row_inner][\/vc_column][\/vc_row][vc_row][vc_column][vc_empty_space height=&#8221;40px&#8221;][vc_tta_tabs style=&#8221;outline&#8221; color=&#8221;orange&#8221; gap=&#8221;4&#8243; active_section=&#8221;1&#8243; pagination_style=&#8221;outline-square&#8221;][vc_tta_section title=&#8221;Vantagens dos Planos de Sa\u00fade Empresariais&#8221; tab_id=&#8221;1728052495136-f6dd815f-52e7&#8243;][vc_empty_space height=&#8221;40px&#8221;][vc_column_text]<\/p>\n<h3>Vantagens dos Planos de Sa\u00fade Empresariais<\/h3>\n<p>[\/vc_column_text][vc_column_text]<\/p>\n<ul>\n<li><strong>Custo reduzido por colaborador: <\/strong>Os planos empresariais geralmente possuem custos mais acess\u00edveis do que os planos individuais ou familiares, devido ao fator coletivo. Quanto maior o n\u00famero de funcion\u00e1rios, mais vantajosas s\u00e3o as condi\u00e7\u00f5es.<\/li>\n<li><strong>Benef\u00edcio atrativo para reten\u00e7\u00e3o e atra\u00e7\u00e3o de talentos:<\/strong> Oferecer um plano de sa\u00fade de qualidade \u00e9 um diferencial competitivo, ajudando a manter os colaboradores satisfeitos e saud\u00e1veis, al\u00e9m de atrair novos talentos.<\/li>\n<li><strong>Flexibilidade nas coberturas:<\/strong> Existem diferentes tipos de planos empresariais que podem ser adaptados \u00e0s necessidades da empresa e de seus colaboradores, como coberturas regionais, nacionais ou internacionais, com ou sem coparticipa\u00e7\u00e3o.<\/li>\n<li><strong>Isen\u00e7\u00e3o de car\u00eancias:<\/strong> Muitas vezes, ao aderir a um plano empresarial, as car\u00eancias (per\u00edodo de espera para usar alguns servi\u00e7os) podem ser isentas, especialmente em empresas com maior n\u00famero de funcion\u00e1rios.<\/li>\n<li><strong>Dedu\u00e7\u00e3o fiscal:<\/strong> O valor investido em planos de sa\u00fade empresariais pode ser abatido no Imposto de Renda da Pessoa Jur\u00eddica, resultando em benef\u00edcios fiscais para a empresa.<\/li>\n<\/ul>\n<p>[\/vc_column_text][vc_empty_space height=&#8221;40px&#8221;][\/vc_tta_section][vc_tta_section title=&#8221;Tipos de Planos de Sa\u00fade Empresariais&#8221; tab_id=&#8221;1728052495148-d235abc8-42c2&#8243;][vc_empty_space height=&#8221;40px&#8221;][vc_column_text]<\/p>\n<h3>Tipos de Planos de Sa\u00fade Empresariais<\/h3>\n<p>[\/vc_column_text][vc_column_text]<strong>Planos de Sa\u00fade Coletivos: <\/strong>Voltados para empresas de qualquer porte, permitem a inclus\u00e3o de colaboradores e, em muitos casos, seus dependentes, como c\u00f4njuges e filhos.<\/p>\n<p><strong>Planos com Coparticipa\u00e7\u00e3o:<\/strong> A empresa paga uma parte fixa do plano, e o colaborador arca com uma porcentagem dos servi\u00e7os utilizados (consultas, exames, etc.). Esse modelo costuma ser mais econ\u00f4mico para a empresa.<\/p>\n<p><strong>Planos sem Coparticipa\u00e7\u00e3o:<\/strong> A empresa cobre integralmente os custos mensais do plano, garantindo que o colaborador n\u00e3o tenha despesas adicionais ao utilizar os servi\u00e7os.<\/p>\n<p><strong>Planos Odontol\u00f3gicos Empresariais:<\/strong> Al\u00e9m da cobertura m\u00e9dica, muitas empresas tamb\u00e9m optam por oferecer planos odontol\u00f3gicos, proporcionando um cuidado integral \u00e0 sa\u00fade dos colaboradores.[\/vc_column_text][vc_empty_space height=&#8221;40px&#8221;][\/vc_tta_section][vc_tta_section title=&#8221;Gest\u00e3o e Manuten\u00e7\u00e3o do Plano&#8221; tab_id=&#8221;1728052517384-2a375de4-cc34&#8243;][vc_empty_space height=&#8221;40px&#8221;][vc_column_text]<\/p>\n<h3>Gest\u00e3o e Manuten\u00e7\u00e3o do Plano<\/h3>\n<p>A gest\u00e3o de um plano de sa\u00fade empresarial envolve desde a escolha da operadora e das coberturas at\u00e9 a administra\u00e7\u00e3o do contrato ao longo do tempo, o que inclui:<\/p>\n<ul>\n<li>Acompanhamento da sinistralidade (\u00edndice que mede o uso do plano pelos colaboradores), para evitar aumentos excessivos nas renova\u00e7\u00f5es;<\/li>\n<li>Gest\u00e3o de inclus\u00f5es e exclus\u00f5es de funcion\u00e1rios no plano;<\/li>\n<li>Suporte cont\u00ednuo para esclarecer d\u00favidas e resolver quest\u00f5es operacionais junto \u00e0 operadora de sa\u00fade.<\/li>\n<\/ul>\n<p>[\/vc_column_text][vc_empty_space height=&#8221;40px&#8221;][\/vc_tta_section][\/vc_tta_tabs][vc_empty_space height=&#8221;40px&#8221;][\/vc_column][\/vc_row]<\/p>\n<\/div>","protected":false},"excerpt":{"rendered":"<p>[vc_row][vc_column][vc_row_inner][vc_column_inner width=&#8221;1\/2&#8243;][vc_single_image image=&#8221;234&#8243; img_size=&#8221;full&#8221; alignment=&#8221;center&#8221;][\/vc_column_inner][vc_column_inner width=&#8221;1\/2&#8243;][vc_column_text]Os planos de sa\u00fade empresariais s\u00e3o uma solu\u00e7\u00e3o essencial para empresas que desejam oferecer benef\u00edcios de sa\u00fade a seus colaboradores, ajudando a garantir o bem-estar, a satisfa\u00e7\u00e3o e a reten\u00e7\u00e3o de talentos. Ao contratar um plano de sa\u00fade empresarial, a empresa proporciona aos funcion\u00e1rios acesso a uma rede de atendimento&hellip;<\/p>\n","protected":false},"author":1,"featured_media":0,"parent":0,"menu_order":0,"comment_status":"closed","ping_status":"closed","template":"template-microsite.php","meta":{"footnotes":""},"class_list":["post-29","page","type-page","status-publish","hentry","description-off"],"_links":{"self":[{"href":"https:\/\/optasconsultoria.com.br\/index.php\/wp-json\/wp\/v2\/pages\/29"}],"collection":[{"href":"https:\/\/optasconsultoria.com.br\/index.php\/wp-json\/wp\/v2\/pages"}],"about":[{"href":"https:\/\/optasconsultoria.com.br\/index.php\/wp-json\/wp\/v2\/types\/page"}],"author":[{"embeddable":true,"href":"https:\/\/optasconsultoria.com.br\/index.php\/wp-json\/wp\/v2\/users\/1"}],"replies":[{"embeddable":true,"href":"https:\/\/optasconsultoria.com.br\/index.php\/wp-json\/wp\/v2\/comments?post=29"}],"version-history":[{"count":0,"href":"https:\/\/optasconsultoria.com.br\/index.php\/wp-json\/wp\/v2\/pages\/29\/revisions"}],"wp:attachment":[{"href":"https:\/\/optasconsultoria.com.br\/index.php\/wp-json\/wp\/v2\/media?parent=29"}],"curies":[{"name":"wp","href":"https:\/\/api.w.org\/{rel}","templated":true}]}}